{"id":43252,"date":"2025-02-25T14:47:31","date_gmt":"2025-02-25T14:47:31","guid":{"rendered":"https:\/\/kimmaessen.be\/?post_type=product&#038;p=43252"},"modified":"2026-03-06T18:50:18","modified_gmt":"2026-03-06T18:50:18","slug":"pab9030-o7000-dbx00","status":"publish","type":"product","link":"https:\/\/kimmaessen.be\/en\/product\/pab9030-o7000-dbx00\/","title":{"rendered":"PAB9030-O7000-DBX00"},"content":{"rendered":"<p class=\"mt35 cl-black fs-medium-small\" data-v-4b74f813=\"\"><a href=\"https:\/\/kimmaessen.be\/wp-content\/uploads\/2024\/10\/POMELLATO_LOGO_2020_BLACK-e1739539762710.png\"><img decoding=\"async\" class=\" wp-image-30775 alignnone\" src=\"https:\/\/kimmaessen.be\/wp-content\/uploads\/2024\/10\/POMELLATO_LOGO_2020_BLACK-e1739539762710-300x110.png\" alt=\"\" width=\"175\" height=\"64\" srcset=\"https:\/\/kimmaessen.be\/wp-content\/uploads\/2024\/10\/POMELLATO_LOGO_2020_BLACK-e1739539762710-300x110.png 300w, https:\/\/kimmaessen.be\/wp-content\/uploads\/2024\/10\/POMELLATO_LOGO_2020_BLACK-e1739539762710-1024x377.png 1024w, https:\/\/kimmaessen.be\/wp-content\/uploads\/2024\/10\/POMELLATO_LOGO_2020_BLACK-e1739539762710-768x283.png 768w, https:\/\/kimmaessen.be\/wp-content\/uploads\/2024\/10\/POMELLATO_LOGO_2020_BLACK-e1739539762710-1536x565.png 1536w, https:\/\/kimmaessen.be\/wp-content\/uploads\/2024\/10\/POMELLATO_LOGO_2020_BLACK-e1739539762710-937x345.png 937w, https:\/\/kimmaessen.be\/wp-content\/uploads\/2024\/10\/POMELLATO_LOGO_2020_BLACK-e1739539762710.png 1622w\" sizes=\"(max-width: 175px) 100vw, 175px\" \/><\/a><\/p>\n<p class=\"mt35 cl-black fs-medium-small\" data-v-4b74f813=\"\">PAB9030-O7000-DBX00<\/p>\n<p class=\"mt10 mb10 cl-black fs-medium-small capitalize\" data-v-4b74f813=\"\">Sabbia ring in 18k rose gold with 86 brown diamonds (\u2248 1.1 cts) on 18k black rhodium-plated rose gold, 46 white diamonds (\u2248 0.4 ct) on 18k white rhodium-plated rose gold, and 40 treated black diamonds (\u2248 0.4 ct) on 18k black rhodium-plated rose gold.<\/p>\n<p class=\"mt5 cl-black fs-medium-small\" data-v-4b74f813=\"\">For a more precious occasion, Sabbia\u2019s irregular pav\u00e9 design is set into a masterful d\u00e9grad\u00e9 diamond cocktail ring. Capturing the sparkling reflections of sand in the moonlight, Sabbia shimmers with jewelry-setting genius.<\/p>\n","protected":false},"excerpt":{"rendered":"<p>PAB9030-O7000-DBX00 Sabbia ring in 18k rose gold with 86 brown diamonds (\u2248 1.1 cts) on 18k black rhodium-plated rose gold, 46 white diamonds (\u2248 0.4 ct) on 18k white rhodium-plated rose gold, and 40 treated black diamonds (\u2248 0.4 ct) on 18k black rhodium-plated rose gold. For a more precious occasion, Sabbia\u2019s irregular pav\u00e9 design [&hellip;]<\/p>\n","protected":false},"featured_media":43253,"comment_status":"closed","ping_status":"closed","template":"","meta":{"_acf_changed":false,"_eb_attr":""},"pwb-brand":[88],"product_brand":[],"product_cat":[102,80,130],"product_tag":[],"class_list":{"0":"post-43252","1":"product","2":"type-product","3":"status-publish","4":"has-post-thumbnail","6":"pwb-brand-pomellato","7":"product_cat-pomellato","8":"product_cat-ringen","9":"product_cat-sabbia","11":"first","12":"instock","13":"shipping-taxable","14":"purchasable","15":"product-type-simple"},"acf":[],"yoast_head":"<!-- This site is optimized with the Yoast SEO plugin v27.2 - https:\/\/yoast.com\/product\/yoast-seo-wordpress\/ -->\n<title>PAB9030-O7000-DBX00 - Kim Maessen<\/title>\n<meta name=\"robots\" content=\"index, follow, max-snippet:-1, max-image-preview:large, max-video-preview:-1\" \/>\n<link rel=\"canonical\" href=\"https:\/\/kimmaessen.be\/en\/product\/pab9030-o7000-dbx00\/\" \/>\n<meta property=\"og:locale\" content=\"en_US\" \/>\n<meta property=\"og:type\" content=\"article\" \/>\n<meta property=\"og:title\" content=\"PAB9030-O7000-DBX00 - Kim Maessen\" \/>\n<meta property=\"og:description\" content=\"PAB9030-O7000-DBX00 Sabbia ring in 18k rose gold with 86 brown diamonds (\u2248 1.1 cts) on 18k black rhodium-plated rose gold, 46 white diamonds (\u2248 0.4 ct) on 18k white rhodium-plated rose gold, and 40 treated black diamonds (\u2248 0.4 ct) on 18k black rhodium-plated rose gold. For a more precious occasion, Sabbia\u2019s irregular pav\u00e9 design [&hellip;]\" \/>\n<meta property=\"og:url\" content=\"https:\/\/kimmaessen.be\/en\/product\/pab9030-o7000-dbx00\/\" \/>\n<meta property=\"og:site_name\" content=\"Kim Maessen\" \/>\n<meta property=\"article:publisher\" content=\"https:\/\/www.facebook.com\/kimmaessen\/?locale=nl_BE\" \/>\n<meta property=\"article:modified_time\" content=\"2026-03-06T18:50:18+00:00\" \/>\n<meta property=\"og:image\" content=\"https:\/\/kimmaessen.be\/wp-content\/uploads\/2025\/02\/Untitled-design-2025-02-25T154724.756.jpg\" \/>\n\t<meta property=\"og:image:width\" content=\"1080\" \/>\n\t<meta property=\"og:image:height\" content=\"1350\" \/>\n\t<meta property=\"og:image:type\" content=\"image\/jpeg\" \/>\n<meta name=\"twitter:card\" content=\"summary_large_image\" \/>\n<meta name=\"twitter:label1\" content=\"Est. reading time\" \/>\n\t<meta name=\"twitter:data1\" content=\"1 minute\" \/>\n<script type=\"application\/ld+json\" class=\"yoast-schema-graph\">{\"@context\":\"https:\/\/schema.org\",\"@graph\":[{\"@type\":\"WebPage\",\"@id\":\"https:\/\/kimmaessen.be\/en\/product\/pab9030-o7000-dbx00\/\",\"url\":\"https:\/\/kimmaessen.be\/en\/product\/pab9030-o7000-dbx00\/\",\"name\":\"PAB9030-O7000-DBX00 - Kim Maessen\",\"isPartOf\":{\"@id\":\"https:\/\/kimmaessen.be\/en\/#website\"},\"primaryImageOfPage\":{\"@id\":\"https:\/\/kimmaessen.be\/en\/product\/pab9030-o7000-dbx00\/#primaryimage\"},\"image\":{\"@id\":\"https:\/\/kimmaessen.be\/en\/product\/pab9030-o7000-dbx00\/#primaryimage\"},\"thumbnailUrl\":\"https:\/\/kimmaessen.be\/wp-content\/uploads\/2025\/02\/Untitled-design-2025-02-25T154724.756.jpg\",\"datePublished\":\"2025-02-25T14:47:31+00:00\",\"dateModified\":\"2026-03-06T18:50:18+00:00\",\"breadcrumb\":{\"@id\":\"https:\/\/kimmaessen.be\/en\/product\/pab9030-o7000-dbx00\/#breadcrumb\"},\"inLanguage\":\"en-US\",\"potentialAction\":[{\"@type\":\"ReadAction\",\"target\":[\"https:\/\/kimmaessen.be\/en\/product\/pab9030-o7000-dbx00\/\"]}]},{\"@type\":\"ImageObject\",\"inLanguage\":\"en-US\",\"@id\":\"https:\/\/kimmaessen.be\/en\/product\/pab9030-o7000-dbx00\/#primaryimage\",\"url\":\"https:\/\/kimmaessen.be\/wp-content\/uploads\/2025\/02\/Untitled-design-2025-02-25T154724.756.jpg\",\"contentUrl\":\"https:\/\/kimmaessen.be\/wp-content\/uploads\/2025\/02\/Untitled-design-2025-02-25T154724.756.jpg\",\"width\":1080,\"height\":1350},{\"@type\":\"BreadcrumbList\",\"@id\":\"https:\/\/kimmaessen.be\/en\/product\/pab9030-o7000-dbx00\/#breadcrumb\",\"itemListElement\":[{\"@type\":\"ListItem\",\"position\":1,\"name\":\"Home\",\"item\":\"https:\/\/kimmaessen.be\/en\/\"},{\"@type\":\"ListItem\",\"position\":2,\"name\":\"Products\",\"item\":\"https:\/\/kimmaessen.be\/en\/shop\/\"},{\"@type\":\"ListItem\",\"position\":3,\"name\":\"PAB9030-O7000-DBX00\"}]},{\"@type\":\"WebSite\",\"@id\":\"https:\/\/kimmaessen.be\/en\/#website\",\"url\":\"https:\/\/kimmaessen.be\/en\/\",\"name\":\"Kim Maessen\",\"description\":\"Your personal jewellery stylist\",\"publisher\":{\"@id\":\"https:\/\/kimmaessen.be\/en\/#organization\"},\"potentialAction\":[{\"@type\":\"SearchAction\",\"target\":{\"@type\":\"EntryPoint\",\"urlTemplate\":\"https:\/\/kimmaessen.be\/en\/?s={search_term_string}\"},\"query-input\":{\"@type\":\"PropertyValueSpecification\",\"valueRequired\":true,\"valueName\":\"search_term_string\"}}],\"inLanguage\":\"en-US\"},{\"@type\":\"Organization\",\"@id\":\"https:\/\/kimmaessen.be\/en\/#organization\",\"name\":\"Kim Maessen\",\"url\":\"https:\/\/kimmaessen.be\/en\/\",\"logo\":{\"@type\":\"ImageObject\",\"inLanguage\":\"en-US\",\"@id\":\"https:\/\/kimmaessen.be\/en\/#\/schema\/logo\/image\/\",\"url\":\"https:\/\/kimmaessen.be\/wp-content\/uploads\/2023\/09\/LOGO_KIM_MAESSEN_2024-ICOON_NOIR.png\",\"contentUrl\":\"https:\/\/kimmaessen.be\/wp-content\/uploads\/2023\/09\/LOGO_KIM_MAESSEN_2024-ICOON_NOIR.png\",\"width\":639,\"height\":488,\"caption\":\"Kim Maessen\"},\"image\":{\"@id\":\"https:\/\/kimmaessen.be\/en\/#\/schema\/logo\/image\/\"},\"sameAs\":[\"https:\/\/www.facebook.com\/kimmaessen\/?locale=nl_BE\",\"https:\/\/www.instagram.com\/kimmaessenjuwelier\/\"]}]}<\/script>\n<!-- \/ Yoast SEO plugin. -->","yoast_head_json":{"title":"PAB9030-O7000-DBX00 - Kim Maessen","robots":{"index":"index","follow":"follow","max-snippet":"max-snippet:-1","max-image-preview":"max-image-preview:large","max-video-preview":"max-video-preview:-1"},"canonical":"https:\/\/kimmaessen.be\/en\/product\/pab9030-o7000-dbx00\/","og_locale":"en_US","og_type":"article","og_title":"PAB9030-O7000-DBX00 - Kim Maessen","og_description":"PAB9030-O7000-DBX00 Sabbia ring in 18k rose gold with 86 brown diamonds (\u2248 1.1 cts) on 18k black rhodium-plated rose gold, 46 white diamonds (\u2248 0.4 ct) on 18k white rhodium-plated rose gold, and 40 treated black diamonds (\u2248 0.4 ct) on 18k black rhodium-plated rose gold. For a more precious occasion, Sabbia\u2019s irregular pav\u00e9 design [&hellip;]","og_url":"https:\/\/kimmaessen.be\/en\/product\/pab9030-o7000-dbx00\/","og_site_name":"Kim Maessen","article_publisher":"https:\/\/www.facebook.com\/kimmaessen\/?locale=nl_BE","article_modified_time":"2026-03-06T18:50:18+00:00","og_image":[{"width":1080,"height":1350,"url":"https:\/\/kimmaessen.be\/wp-content\/uploads\/2025\/02\/Untitled-design-2025-02-25T154724.756.jpg","type":"image\/jpeg"}],"twitter_card":"summary_large_image","twitter_misc":{"Est. reading time":"1 minute"},"schema":{"@context":"https:\/\/schema.org","@graph":[{"@type":"WebPage","@id":"https:\/\/kimmaessen.be\/en\/product\/pab9030-o7000-dbx00\/","url":"https:\/\/kimmaessen.be\/en\/product\/pab9030-o7000-dbx00\/","name":"PAB9030-O7000-DBX00 - Kim Maessen","isPartOf":{"@id":"https:\/\/kimmaessen.be\/en\/#website"},"primaryImageOfPage":{"@id":"https:\/\/kimmaessen.be\/en\/product\/pab9030-o7000-dbx00\/#primaryimage"},"image":{"@id":"https:\/\/kimmaessen.be\/en\/product\/pab9030-o7000-dbx00\/#primaryimage"},"thumbnailUrl":"https:\/\/kimmaessen.be\/wp-content\/uploads\/2025\/02\/Untitled-design-2025-02-25T154724.756.jpg","datePublished":"2025-02-25T14:47:31+00:00","dateModified":"2026-03-06T18:50:18+00:00","breadcrumb":{"@id":"https:\/\/kimmaessen.be\/en\/product\/pab9030-o7000-dbx00\/#breadcrumb"},"inLanguage":"en-US","potentialAction":[{"@type":"ReadAction","target":["https:\/\/kimmaessen.be\/en\/product\/pab9030-o7000-dbx00\/"]}]},{"@type":"ImageObject","inLanguage":"en-US","@id":"https:\/\/kimmaessen.be\/en\/product\/pab9030-o7000-dbx00\/#primaryimage","url":"https:\/\/kimmaessen.be\/wp-content\/uploads\/2025\/02\/Untitled-design-2025-02-25T154724.756.jpg","contentUrl":"https:\/\/kimmaessen.be\/wp-content\/uploads\/2025\/02\/Untitled-design-2025-02-25T154724.756.jpg","width":1080,"height":1350},{"@type":"BreadcrumbList","@id":"https:\/\/kimmaessen.be\/en\/product\/pab9030-o7000-dbx00\/#breadcrumb","itemListElement":[{"@type":"ListItem","position":1,"name":"Home","item":"https:\/\/kimmaessen.be\/en\/"},{"@type":"ListItem","position":2,"name":"Products","item":"https:\/\/kimmaessen.be\/en\/shop\/"},{"@type":"ListItem","position":3,"name":"PAB9030-O7000-DBX00"}]},{"@type":"WebSite","@id":"https:\/\/kimmaessen.be\/en\/#website","url":"https:\/\/kimmaessen.be\/en\/","name":"Kim Maessen","description":"Your personal jewellery stylist","publisher":{"@id":"https:\/\/kimmaessen.be\/en\/#organization"},"potentialAction":[{"@type":"SearchAction","target":{"@type":"EntryPoint","urlTemplate":"https:\/\/kimmaessen.be\/en\/?s={search_term_string}"},"query-input":{"@type":"PropertyValueSpecification","valueRequired":true,"valueName":"search_term_string"}}],"inLanguage":"en-US"},{"@type":"Organization","@id":"https:\/\/kimmaessen.be\/en\/#organization","name":"Kim Maessen","url":"https:\/\/kimmaessen.be\/en\/","logo":{"@type":"ImageObject","inLanguage":"en-US","@id":"https:\/\/kimmaessen.be\/en\/#\/schema\/logo\/image\/","url":"https:\/\/kimmaessen.be\/wp-content\/uploads\/2023\/09\/LOGO_KIM_MAESSEN_2024-ICOON_NOIR.png","contentUrl":"https:\/\/kimmaessen.be\/wp-content\/uploads\/2023\/09\/LOGO_KIM_MAESSEN_2024-ICOON_NOIR.png","width":639,"height":488,"caption":"Kim Maessen"},"image":{"@id":"https:\/\/kimmaessen.be\/en\/#\/schema\/logo\/image\/"},"sameAs":["https:\/\/www.facebook.com\/kimmaessen\/?locale=nl_BE","https:\/\/www.instagram.com\/kimmaessenjuwelier\/"]}]}},"brands":[{"id":88,"name":"Pomellato","slug":"pomellato"}],"_links":{"self":[{"href":"https:\/\/kimmaessen.be\/en\/wp-json\/wp\/v2\/product\/43252","targetHints":{"allow":["GET"]}}],"collection":[{"href":"https:\/\/kimmaessen.be\/en\/wp-json\/wp\/v2\/product"}],"about":[{"href":"https:\/\/kimmaessen.be\/en\/wp-json\/wp\/v2\/types\/product"}],"replies":[{"embeddable":true,"href":"https:\/\/kimmaessen.be\/en\/wp-json\/wp\/v2\/comments?post=43252"}],"wp:featuredmedia":[{"embeddable":true,"href":"https:\/\/kimmaessen.be\/en\/wp-json\/wp\/v2\/media\/43253"}],"wp:attachment":[{"href":"https:\/\/kimmaessen.be\/en\/wp-json\/wp\/v2\/media?parent=43252"}],"wp:term":[{"taxonomy":"pwb-brand","embeddable":true,"href":"https:\/\/kimmaessen.be\/en\/wp-json\/wp\/v2\/pwb-brand?post=43252"},{"taxonomy":"product_brand","embeddable":true,"href":"https:\/\/kimmaessen.be\/en\/wp-json\/wp\/v2\/product_brand?post=43252"},{"taxonomy":"product_cat","embeddable":true,"href":"https:\/\/kimmaessen.be\/en\/wp-json\/wp\/v2\/product_cat?post=43252"},{"taxonomy":"product_tag","embeddable":true,"href":"https:\/\/kimmaessen.be\/en\/wp-json\/wp\/v2\/product_tag?post=43252"}],"curies":[{"name":"wp","href":"https:\/\/api.w.org\/{rel}","templated":true}]}}